{"id":7,"date":"2021-11-18T17:41:43","date_gmt":"2021-11-18T16:41:43","guid":{"rendered":"https:\/\/www.alfaxxinetwork.it\/?page_id=7"},"modified":"2022-11-15T11:39:54","modified_gmt":"2022-11-15T10:39:54","slug":"home","status":"publish","type":"page","link":"https:\/\/www.alfaxxinetwork.it\/","title":{"rendered":"Home"},"content":{"rendered":"<p>&nbsp;<\/p>\n<p><img loading=\"lazy\" class=\"alignnone wp-image-37\" src=\"https:\/\/www.timatica.it\/wp-content\/uploads\/2021\/10\/spazio_home.png\" alt=\"\" width=\"45%\" height=\"45%\" \/><\/p>\n<table style=\"height: auto; width: 76.75765736979048%;\">\n<tbody>\n<tr>\n<td style=\"width: 19.2390988372093%; vertical-align: top;\"><\/td>\n<td style=\"width: 54.7609011627907%; vertical-align: top;\"><span style=\"font-size: 10pt;\"><span style=\"font-size: 10pt;\"><span style=\"font-size: 10pt;\"><span style=\"font-family: helvetica, arial, sans-serif;\"><span style=\"font-family: helvetica, arial, sans-serif;\"><span style=\"font-family: helvetica, arial, sans-serif;\"><span style=\"color: #000000;\"><span style=\"color: #000000;\"><br \/>\n<\/span><\/span><\/span><\/span><\/span><\/span><\/span><\/span><span style=\"font-family: helvetica, arial, sans-serif; font-size: 10pt; color: #000000;\"><span style=\"font-family: helvetica, arial, sans-serif; font-size: 10pt;\"><span style=\"font-family: helvetica, arial, sans-serif; font-size: 10pt;\"><strong>La rete di impresa, l\u2019unione che genera sinergie e crea opportunit\u00e0<\/p>\n<p><\/strong><\/span><\/span><\/span><span style=\"color: #000000;\"><span style=\"font-family: helvetica, arial, sans-serif; font-size: 10pt;\">Alfa XXI Network \u00e8 stata tra le prime Reti d&#8217;Impresa costituite.<br \/>\n<\/span><span style=\"font-family: helvetica, arial, sans-serif; font-size: 10pt;\">Il contratto di Rete \u00e8 il contratto in cui pi\u00f9 imprenditori perseguono lo scopo di accrescere, sia individualmente che collettivamente, la capacit\u00e0 innovativa e la competitivit\u00e0 sul mercato e a tal fine si obbligano, sulla base di un programma comune di rete, a collaborare in forme e ambiti predeterminati attinenti l\u2019esercizio delle proprie imprese, ovvero a scambiarsi informazioni o prestazioni di natura industriale, commerciale, tecnica o tecnologica ovvero a esercitare in comune una o pi\u00f9 attivit\u00e0 rientrante nell\u2019oggetto della propria impresa <\/span><em style=\"font-family: helvetica, arial, sans-serif; font-size: 10pt;\">(Legge 33 del 9 aprile 2009)<\/em><span style=\"font-family: helvetica, arial, sans-serif; font-size: 10pt;\">.<\/span><\/span><\/td>\n<\/tr>\n<\/tbody>\n<\/table>\n","protected":false},"excerpt":{"rendered":"<p>&nbsp; La rete di impresa, l\u2019unione che genera sinergie e crea opportunit\u00e0 Alfa XXI Network \u00e8 stata tra le prime Reti d&#8217;Impresa costituite. Il contratto di Rete \u00e8 il contratto in cui pi\u00f9 imprenditori perseguono lo scopo di accrescere, sia individualmente che collettivamente, la capacit\u00e0 innovativa e la competitivit\u00e0 sul mercato e a tal fine [&hellip;]<\/p>\n","protected":false},"author":1,"featured_media":0,"parent":0,"menu_order":0,"comment_status":"closed","ping_status":"closed","template":"template-fullwidth-no-title.php","meta":[],"_links":{"self":[{"href":"https:\/\/www.alfaxxinetwork.it\/index.php\/wp-json\/wp\/v2\/pages\/7"}],"collection":[{"href":"https:\/\/www.alfaxxinetwork.it\/index.php\/wp-json\/wp\/v2\/pages"}],"about":[{"href":"https:\/\/www.alfaxxinetwork.it\/index.php\/wp-json\/wp\/v2\/types\/page"}],"author":[{"embeddable":true,"href":"https:\/\/www.alfaxxinetwork.it\/index.php\/wp-json\/wp\/v2\/users\/1"}],"replies":[{"embeddable":true,"href":"https:\/\/www.alfaxxinetwork.it\/index.php\/wp-json\/wp\/v2\/comments?post=7"}],"version-history":[{"count":13,"href":"https:\/\/www.alfaxxinetwork.it\/index.php\/wp-json\/wp\/v2\/pages\/7\/revisions"}],"predecessor-version":[{"id":114,"href":"https:\/\/www.alfaxxinetwork.it\/index.php\/wp-json\/wp\/v2\/pages\/7\/revisions\/114"}],"wp:attachment":[{"href":"https:\/\/www.alfaxxinetwork.it\/index.php\/wp-json\/wp\/v2\/media?parent=7"}],"curies":[{"name":"wp","href":"https:\/\/api.w.org\/{rel}","templated":true}]}}