{"id":94,"date":"2022-11-12T19:27:42","date_gmt":"2022-11-12T18:27:42","guid":{"rendered":"https:\/\/www.alfaxxinetwork.it\/?page_id=94"},"modified":"2022-11-16T11:07:44","modified_gmt":"2022-11-16T10:07:44","slug":"contratto-di-rete-2","status":"publish","type":"page","link":"https:\/\/www.alfaxxinetwork.it\/index.php\/contratto-di-rete-2\/","title":{"rendered":"Contratto di rete"},"content":{"rendered":"<p>&nbsp;<br \/>\n&nbsp;<br \/>\n&nbsp;<br \/>\n&nbsp;<\/p>\n<style><span data-mce-type=\"bookmark\" style=\"display: inline-block; width: 0px; overflow: hidden; line-height: 0;\" class=\"mce_SELRES_start\">\ufeff<\/span><span data-mce-type=\"bookmark\" style=\"display: inline-block; width: 0px; overflow: hidden; line-height: 0;\" class=\"mce_SELRES_start\">\ufeff<\/span><span data-mce-type=\"bookmark\" style=\"display: inline-block; width: 0px; overflow: hidden; line-height: 0;\" class=\"mce_SELRES_start\">\ufeff<\/span><span data-mce-type=\"bookmark\" style=\"display: inline-block; width: 0px; overflow: hidden; line-height: 0;\" class=\"mce_SELRES_start\">\ufeff<\/span><span data-mce-type=\"bookmark\" style=\"display: inline-block; width: 0px; overflow: hidden; line-height: 0;\" class=\"mce_SELRES_start\">\ufeff<\/span><span data-mce-type=\"bookmark\" style=\"display: inline-block; width: 0px; overflow: hidden; line-height: 0;\" class=\"mce_SELRES_start\">\ufeff<\/span><span data-mce-type=\"bookmark\" style=\"display: inline-block; width: 0px; overflow: hidden; line-height: 0;\" class=\"mce_SELRES_start\">\ufeff<\/span><span data-mce-type=\"bookmark\" style=\"display: inline-block; width: 0px; overflow: hidden; line-height: 0;\" class=\"mce_SELRES_start\">\ufeff<\/span><span data-mce-type=\"bookmark\" style=\"display: inline-block; width: 0px; overflow: hidden; line-height: 0;\" class=\"mce_SELRES_start\">\ufeff<\/span><span data-mce-type=\"bookmark\" style=\"display: inline-block; width: 0px; overflow: hidden; line-height: 0;\" class=\"mce_SELRES_start\">\ufeff<\/span><span style=\"display: inline-block; width: 0px; overflow: hidden; line-height: 0;\" data-mce-type=\"bookmark\" class=\"mce_SELRES_start\">\ufeff<\/span><br \/>\/* Large Devices, Wide Screens *\/<br \/>@media only screen and (min-width : 1200px) {<\/p>\n<p>.module, .module-small {<\/p>\n<p>    position: relative;<br \/>    margin-top:200px ;<br \/>   background-repeat: no-repeat;<\/p>\n<p>    background-size: cover;<\/p>\n<p>}<\/p>\n<p>}<br \/><\/style>\n<style><span data-mce-type=\"bookmark\" style=\"display: inline-block; width: 0px; overflow: hidden; line-height: 0;\" class=\"mce_SELRES_start\">\ufeff<\/span>.module, .module-small {<\/p>\n<p>position: relative;<br \/>margin-top:120px ;<br \/>background-repeat: no-repeat;<br \/>background-position: left 18px;<br \/>background-size: cover;<\/p>\n<p>}<br \/><\/style>\n<table class=\" alignleft\" style=\"height: auto; width: 80%;\" cellspacing=\"0\" cellpadding=\"3%\">\n<tbody>\n<tr>\n<td style=\"width: 3.9473684210526314%; text-align: right; vertical-align: top;\"><\/td>\n<td style=\"width: 27.302631578947366%; text-align: left; vertical-align: top;\"><img loading=\"lazy\" class=\"alignnone wp-image-864\" src=\"https:\/\/www.alfaxxinetwork.it\/wp-content\/uploads\/2022\/11\/contratto-di-rete.png\" alt=\"\" width=\"165\" height=\"43\" \/><\/td>\n<td style=\"width: 68.64035087719299%; text-align: left; vertical-align: top;\" scope=\"col\"><span style=\"font-family: helvetica, arial, sans-serif; font-size: 10pt; color: #000000;\"><strong>Il contratto di rete deve indicare<\/strong>:<\/span><\/p>\n<ul>\n<li><span style=\"font-family: helvetica, arial, sans-serif; font-size: 10pt; color: #000000;\">il nome, la ditta, la ragione o la denominazione sociale di ogni partecipante per <strong>originaria\u00a0<\/strong>sottoscrizione del contratto o per <strong>adesione <\/strong>successiva, nonch\u00e9 la denominazione e la sede della rete qualora sia prevista l&#8217;istituzione di un fondo patrimoniale;<\/span><\/li>\n<li><span style=\"font-family: helvetica, arial, sans-serif; font-size: 10pt; color: #000000;\">l&#8217;indicazione degli <strong>obiettivi strategici <\/strong>di innovazione e di innalzamento della capacit\u00e0 competitiva dei partecipanti e le modalit\u00e0 concordate con gli stessi per misurare l&#8217;avanzamento verso tali obiettivi;<\/span><\/li>\n<li><span style=\"font-family: helvetica, arial, sans-serif; font-size: 10pt; color: #000000;\">la definizione di un <strong>programma di rete<\/strong>, che contenga l&#8217;enunciazione dei diritti e degli obblighi assunti da ciascun partecipante;<\/span><\/li>\n<li><span style=\"font-family: helvetica, arial, sans-serif; font-size: 10pt; color: #000000;\">le <strong>regole<\/strong>per l&#8217;assunzione delle decisioni dei partecipanti su ogni materia o aspetto di interesse comune che non rientri, quando \u00e8 stato istituito un organo comune, nei poteri di gestione conferiti a tale organo, nonch\u00e9, se il contratto prevede la modificabilit\u00e0 a maggioranza del programma di rete, le regole relative alle modalit\u00e0 di assunzione delle decisioni di modifica del programma medesimo;<\/span><\/li>\n<li><span style=\"font-family: helvetica, arial, sans-serif; font-size: 10pt; color: #000000;\">le <strong>modalit\u00e0 di realizzazione <\/strong>dello scopo comune e, qualora sia prevista l&#8217;istituzione di un fondo patrimoniale comune, la misura e i criteri di valutazione dei conferimenti iniziali e degli eventuali contributi successivi che ciascun partecipante si obbliga a versare al fondo, nonch\u00e9 le regole di gestione del fondo medesimo;<\/span><\/li>\n<li><span style=\"font-family: helvetica, arial, sans-serif; font-size: 10pt; color: #000000;\">la <strong>durata del contratto<\/strong>, le modalit\u00e0 di adesione di altri imprenditori e, se pattuite, le cause facoltative di recesso anticipato e le condizioni per l&#8217;esercizio del relativo diritto, ferma restando in ogni caso l&#8217;applicazione delle <strong>regole <\/strong>generali di legge in materia di <strong>scioglimento <\/strong>totale o parziale dei contratti plurilaterali con comunione di scopo;<\/span><\/li>\n<li><span style=\"font-family: helvetica, arial, sans-serif; font-size: 10pt; color: #000000;\">se il contratto ne prevede l&#8217;istituzione, il nome, la ditta, la ragione o la denominazione sociale del soggetto prescelto per svolgere l&#8217;ufficio di organo comune per l&#8217;esecuzione del contratto o di una o pi\u00f9 parti o fasi di esso, i poteri di gestione e di rappresentanza conferiti a tale soggetto, nonch\u00e9 le regole relative alla sua eventuale sostituzione durante la vigenza del contratto. L&#8217;organo comune agisce in rappresentanza della rete, quando essa acquista soggettivit\u00e0 giuridica e, in assenza della soggettivit\u00e0, degli imprenditori, anche individuali, partecipanti al contratto salvo che sia diversamente disposto nello stesso, nelle procedure di programmazione negoziata con le pubbliche amministrazioni, nelle procedure inerenti ad interventi di garanzia per l&#8217;accesso al credito e in quelle inerenti allo sviluppo del sistema imprenditoriale nei processi di internazionalizzazione e di innovazione previsti dall&#8217;ordinamento, nonch\u00e9 all&#8217;utilizzazione di strumenti di promozione e tutela dei prodotti e marchi di qualit\u00e0 o di cui sia adeguatamente garantita la genuinit\u00e0 della provenienza.<\/span><\/li>\n<\/ul>\n<\/td>\n<\/tr>\n<\/tbody>\n<\/table>\n","protected":false},"excerpt":{"rendered":"<p>&nbsp; &nbsp; &nbsp; &nbsp; Il contratto di rete deve indicare: il nome, la ditta, la ragione o la denominazione sociale di ogni partecipante per originaria\u00a0sottoscrizione del contratto o per adesione successiva, nonch\u00e9 la denominazione e la sede della rete qualora sia prevista l&#8217;istituzione di un fondo patrimoniale; l&#8217;indicazione degli obiettivi strategici di innovazione e di [&hellip;]<\/p>\n","protected":false},"author":1,"featured_media":0,"parent":0,"menu_order":0,"comment_status":"closed","ping_status":"closed","template":"template-fullwidth-no-title.php","meta":[],"_links":{"self":[{"href":"https:\/\/www.alfaxxinetwork.it\/index.php\/wp-json\/wp\/v2\/pages\/94"}],"collection":[{"href":"https:\/\/www.alfaxxinetwork.it\/index.php\/wp-json\/wp\/v2\/pages"}],"about":[{"href":"https:\/\/www.alfaxxinetwork.it\/index.php\/wp-json\/wp\/v2\/types\/page"}],"author":[{"embeddable":true,"href":"https:\/\/www.alfaxxinetwork.it\/index.php\/wp-json\/wp\/v2\/users\/1"}],"replies":[{"embeddable":true,"href":"https:\/\/www.alfaxxinetwork.it\/index.php\/wp-json\/wp\/v2\/comments?post=94"}],"version-history":[{"count":14,"href":"https:\/\/www.alfaxxinetwork.it\/index.php\/wp-json\/wp\/v2\/pages\/94\/revisions"}],"predecessor-version":[{"id":129,"href":"https:\/\/www.alfaxxinetwork.it\/index.php\/wp-json\/wp\/v2\/pages\/94\/revisions\/129"}],"wp:attachment":[{"href":"https:\/\/www.alfaxxinetwork.it\/index.php\/wp-json\/wp\/v2\/media?parent=94"}],"curies":[{"name":"wp","href":"https:\/\/api.w.org\/{rel}","templated":true}]}}